{"id":540,"date":"2024-11-05T05:29:00","date_gmt":"2024-11-05T05:29:00","guid":{"rendered":"https:\/\/atahla.org\/?page_id=540"},"modified":"2024-11-05T05:39:31","modified_gmt":"2024-11-05T05:39:31","slug":"blogs-de-atahla","status":"publish","type":"page","link":"https:\/\/atahla.org\/index.php\/blogs-de-atahla\/","title":{"rendered":"\u00a1Blogs de Atahla!"},"content":{"rendered":"\n<div class=\"wp-block-group is-layout-constrained wp-block-group-is-layout-constrained\">\n<div class=\"wp-block-columns alignwide are-vertically-aligned-center is-layout-flex wp-container-core-columns-is-layout-8 wp-block-columns-is-layout-flex\">\n<div class=\"wp-block-column is-layout-flow wp-block-column-is-layout-flow\" style=\"padding-top:0;padding-bottom:0\">\n<div class=\"wp-block-query is-layout-flow wp-block-query-is-layout-flow\"><ul class=\"wp-block-post-template is-layout-flow wp-block-post-template-is-layout-flow\"><li class=\"wp-block-post post-510 post type-post status-publish format-standard has-post-thumbnail hentry category-blog tag-terapia-oral\">\n\n<div class=\"wp-block-columns alignwide is-layout-flex wp-container-core-columns-is-layout-1 wp-block-columns-is-layout-flex\">\n<div class=\"wp-block-column is-layout-flow wp-block-column-is-layout-flow\" style=\"flex-basis:66.66%\"><figure class=\"wp-block-post-featured-image\"><a href=\"https:\/\/atahla.org\/index.php\/2024\/11\/05\/que-es-la-terapia-oral-y-como-ayuda-a-mejorar-la-comunicacion-de-tu-hijo\/\" target=\"_self\"  ><img loading=\"lazy\" decoding=\"async\" width=\"1536\" height=\"768\" src=\"https:\/\/atahla.org\/wp-content\/uploads\/2024\/11\/Terapia_Oral_2.png\" class=\"attachment-post-thumbnail size-post-thumbnail wp-post-image\" alt=\"\u00bfQu\u00e9 es la Terapia Oral y C\u00f3mo Ayuda a Mejorar la Comunicaci\u00f3n de tu Hijo?\" style=\"object-fit:cover;\" srcset=\"https:\/\/atahla.org\/wp-content\/uploads\/2024\/11\/Terapia_Oral_2.png 1536w, https:\/\/atahla.org\/wp-content\/uploads\/2024\/11\/Terapia_Oral_2-300x150.png 300w, https:\/\/atahla.org\/wp-content\/uploads\/2024\/11\/Terapia_Oral_2-1024x512.png 1024w, https:\/\/atahla.org\/wp-content\/uploads\/2024\/11\/Terapia_Oral_2-768x384.png 768w\" sizes=\"(max-width: 1536px) 100vw, 1536px\" \/><\/a><\/figure><\/div>\n\n\n\n<div class=\"wp-block-column is-layout-flow wp-block-column-is-layout-flow\" style=\"flex-basis:33.33%\"><h2 class=\"wp-block-post-title\"><a href=\"https:\/\/atahla.org\/index.php\/2024\/11\/05\/que-es-la-terapia-oral-y-como-ayuda-a-mejorar-la-comunicacion-de-tu-hijo\/\" target=\"_self\" >\u00bfQu\u00e9 es la Terapia Oral y C\u00f3mo Ayuda a Mejorar la Comunicaci\u00f3n de tu Hijo?<\/a><\/h2>\n\n<div class=\"wp-block-post-excerpt\"><p class=\"wp-block-post-excerpt__excerpt\">Si has notado que tu hijo tiene dificultades para hablar o comunicarse, la terapia oral podr\u00eda ser la soluci\u00f3n que [&hellip;] <\/p><\/div><\/div>\n<\/div>\n\n<\/li><li class=\"wp-block-post post-504 post type-post status-publish format-standard has-post-thumbnail hentry category-blog tag-rotacismo tag-terapia-de-lenguaje\">\n\n<div class=\"wp-block-columns alignwide is-layout-flex wp-container-core-columns-is-layout-2 wp-block-columns-is-layout-flex\">\n<div class=\"wp-block-column is-layout-flow wp-block-column-is-layout-flow\" style=\"flex-basis:66.66%\"><figure class=\"wp-block-post-featured-image\"><a href=\"https:\/\/atahla.org\/index.php\/2024\/11\/05\/que-es-el-rotacismo-y-como-afecta-a-los-ninos\/\" target=\"_self\"  ><img loading=\"lazy\" decoding=\"async\" width=\"1024\" height=\"1024\" src=\"https:\/\/atahla.org\/wp-content\/uploads\/2024\/11\/Rotacismo_2.png\" class=\"attachment-post-thumbnail size-post-thumbnail wp-post-image\" alt=\"\u00bfQu\u00e9 es el Rotacismo y C\u00f3mo Afecta a los Ni\u00f1os?\" style=\"object-fit:cover;\" srcset=\"https:\/\/atahla.org\/wp-content\/uploads\/2024\/11\/Rotacismo_2.png 1024w, https:\/\/atahla.org\/wp-content\/uploads\/2024\/11\/Rotacismo_2-300x300.png 300w, https:\/\/atahla.org\/wp-content\/uploads\/2024\/11\/Rotacismo_2-150x150.png 150w, https:\/\/atahla.org\/wp-content\/uploads\/2024\/11\/Rotacismo_2-768x768.png 768w\" sizes=\"(max-width: 1024px) 100vw, 1024px\" \/><\/a><\/figure><\/div>\n\n\n\n<div class=\"wp-block-column is-layout-flow wp-block-column-is-layout-flow\" style=\"flex-basis:33.33%\"><h2 class=\"wp-block-post-title\"><a href=\"https:\/\/atahla.org\/index.php\/2024\/11\/05\/que-es-el-rotacismo-y-como-afecta-a-los-ninos\/\" target=\"_self\" >\u00bfQu\u00e9 es el Rotacismo y C\u00f3mo Afecta a los Ni\u00f1os?<\/a><\/h2>\n\n<div class=\"wp-block-post-excerpt\"><p class=\"wp-block-post-excerpt__excerpt\">Si tu hijo tiene problemas para pronunciar el sonido de la letra &#8220;r&#8221;, podr\u00eda estar experimentando rotacismo. Este trastorno del [&hellip;] <\/p><\/div><\/div>\n<\/div>\n\n<\/li><li class=\"wp-block-post post-492 post type-post status-publish format-standard has-post-thumbnail hentry category-blog tag-implante-coclear tag-terapia-de-lenguaje\">\n\n<div class=\"wp-block-columns alignwide is-layout-flex wp-container-core-columns-is-layout-3 wp-block-columns-is-layout-flex\">\n<div class=\"wp-block-column is-layout-flow wp-block-column-is-layout-flow\" style=\"flex-basis:66.66%\"><figure class=\"wp-block-post-featured-image\"><a href=\"https:\/\/atahla.org\/index.php\/2024\/11\/05\/que-es-un-implante-coclear-y-como-puede-ayudar-a-tu-hijo\/\" target=\"_self\"  ><img loading=\"lazy\" decoding=\"async\" width=\"750\" height=\"500\" src=\"https:\/\/atahla.org\/wp-content\/uploads\/2024\/11\/Implante_Coclear_3.jpg\" class=\"attachment-post-thumbnail size-post-thumbnail wp-post-image\" alt=\"\u00bfQu\u00e9 es un Implante Coclear y C\u00f3mo Puede Ayudar a tu Hijo?\" style=\"object-fit:cover;\" srcset=\"https:\/\/atahla.org\/wp-content\/uploads\/2024\/11\/Implante_Coclear_3.jpg 750w, https:\/\/atahla.org\/wp-content\/uploads\/2024\/11\/Implante_Coclear_3-300x200.jpg 300w\" sizes=\"(max-width: 750px) 100vw, 750px\" \/><\/a><\/figure><\/div>\n\n\n\n<div class=\"wp-block-column is-layout-flow wp-block-column-is-layout-flow\" style=\"flex-basis:33.33%\"><h2 class=\"wp-block-post-title\"><a href=\"https:\/\/atahla.org\/index.php\/2024\/11\/05\/que-es-un-implante-coclear-y-como-puede-ayudar-a-tu-hijo\/\" target=\"_self\" >\u00bfQu\u00e9 es un Implante Coclear y C\u00f3mo Puede Ayudar a tu Hijo?<\/a><\/h2>\n\n<div class=\"wp-block-post-excerpt\"><p class=\"wp-block-post-excerpt__excerpt\">Recibir el diagn\u00f3stico de p\u00e9rdida auditiva o sordera en un hijo puede ser una experiencia abrumadora. Sin embargo, gracias a [&hellip;] <\/p><\/div><\/div>\n<\/div>\n\n<\/li><li class=\"wp-block-post post-499 post type-post status-publish format-standard has-post-thumbnail hentry category-blog tag-terapia-de-lenguaje\">\n\n<div class=\"wp-block-columns alignwide is-layout-flex wp-container-core-columns-is-layout-4 wp-block-columns-is-layout-flex\">\n<div class=\"wp-block-column is-layout-flow wp-block-column-is-layout-flow\" style=\"flex-basis:66.66%\"><figure class=\"wp-block-post-featured-image\"><a href=\"https:\/\/atahla.org\/index.php\/2024\/11\/05\/que-es-la-terapia-de-lenguaje-y-como-puede-ayudar-a-tu-hijo\/\" target=\"_self\"  ><img loading=\"lazy\" decoding=\"async\" width=\"1024\" height=\"1024\" src=\"https:\/\/atahla.org\/wp-content\/uploads\/2024\/11\/Terapia_de_Lenguaje_2.png\" class=\"attachment-post-thumbnail size-post-thumbnail wp-post-image\" alt=\"\u00bfQu\u00e9 es la Terapia de Lenguaje y C\u00f3mo Puede Ayudar a tu Hijo?\" style=\"object-fit:cover;\" srcset=\"https:\/\/atahla.org\/wp-content\/uploads\/2024\/11\/Terapia_de_Lenguaje_2.png 1024w, https:\/\/atahla.org\/wp-content\/uploads\/2024\/11\/Terapia_de_Lenguaje_2-300x300.png 300w, https:\/\/atahla.org\/wp-content\/uploads\/2024\/11\/Terapia_de_Lenguaje_2-150x150.png 150w, https:\/\/atahla.org\/wp-content\/uploads\/2024\/11\/Terapia_de_Lenguaje_2-768x768.png 768w\" sizes=\"(max-width: 1024px) 100vw, 1024px\" \/><\/a><\/figure><\/div>\n\n\n\n<div class=\"wp-block-column is-layout-flow wp-block-column-is-layout-flow\" style=\"flex-basis:33.33%\"><h2 class=\"wp-block-post-title\"><a href=\"https:\/\/atahla.org\/index.php\/2024\/11\/05\/que-es-la-terapia-de-lenguaje-y-como-puede-ayudar-a-tu-hijo\/\" target=\"_self\" >\u00bfQu\u00e9 es la Terapia de Lenguaje y C\u00f3mo Puede Ayudar a tu Hijo?<\/a><\/h2>\n\n<div class=\"wp-block-post-excerpt\"><p class=\"wp-block-post-excerpt__excerpt\">Si tu hijo tiene dificultades para hablar o comunicarse claramente, es posible que ya hayas o\u00eddo hablar de la terapia [&hellip;] <\/p><\/div><\/div>\n<\/div>\n\n<\/li><li class=\"wp-block-post post-486 post type-post status-publish format-standard has-post-thumbnail hentry category-blog tag-dislalia tag-terapia-de-lenguaje\">\n\n<div class=\"wp-block-columns alignwide is-layout-flex wp-container-core-columns-is-layout-5 wp-block-columns-is-layout-flex\">\n<div class=\"wp-block-column is-layout-flow wp-block-column-is-layout-flow\" style=\"flex-basis:66.66%\"><figure class=\"wp-block-post-featured-image\"><a href=\"https:\/\/atahla.org\/index.php\/2024\/11\/05\/que-es-la-dislalia-y-como-afecta-a-los-ninos\/\" target=\"_self\"  ><img loading=\"lazy\" decoding=\"async\" width=\"1536\" height=\"768\" src=\"https:\/\/atahla.org\/wp-content\/uploads\/2024\/10\/Dislalia_1.png\" class=\"attachment-post-thumbnail size-post-thumbnail wp-post-image\" alt=\"\u00bfQu\u00e9 es la Dislalia y C\u00f3mo Afecta a los Ni\u00f1os?\" style=\"object-fit:cover;\" srcset=\"https:\/\/atahla.org\/wp-content\/uploads\/2024\/10\/Dislalia_1.png 1536w, https:\/\/atahla.org\/wp-content\/uploads\/2024\/10\/Dislalia_1-300x150.png 300w, https:\/\/atahla.org\/wp-content\/uploads\/2024\/10\/Dislalia_1-1024x512.png 1024w, https:\/\/atahla.org\/wp-content\/uploads\/2024\/10\/Dislalia_1-768x384.png 768w\" sizes=\"(max-width: 1536px) 100vw, 1536px\" \/><\/a><\/figure><\/div>\n\n\n\n<div class=\"wp-block-column is-layout-flow wp-block-column-is-layout-flow\" style=\"flex-basis:33.33%\"><h2 class=\"wp-block-post-title\"><a href=\"https:\/\/atahla.org\/index.php\/2024\/11\/05\/que-es-la-dislalia-y-como-afecta-a-los-ninos\/\" target=\"_self\" >\u00bfQu\u00e9 es la Dislalia y C\u00f3mo Afecta a los Ni\u00f1os?<\/a><\/h2>\n\n<div class=\"wp-block-post-excerpt\"><p class=\"wp-block-post-excerpt__excerpt\">Cuando un ni\u00f1o tiene dificultades para pronunciar ciertos sonidos o grupos de sonidos, puede ser un indicio de dislalia, un [&hellip;] <\/p><\/div><\/div>\n<\/div>\n\n<\/li><li class=\"wp-block-post post-518 post type-post status-publish format-standard has-post-thumbnail hentry category-blog tag-estimulacion-temprana\">\n\n<div class=\"wp-block-columns alignwide is-layout-flex wp-container-core-columns-is-layout-6 wp-block-columns-is-layout-flex\">\n<div class=\"wp-block-column is-layout-flow wp-block-column-is-layout-flow\" style=\"flex-basis:66.66%\"><figure class=\"wp-block-post-featured-image\"><a href=\"https:\/\/atahla.org\/index.php\/2024\/11\/01\/estimulacion-auditiva-ayudando-a-tu-hijo-a-descubrir-el-mundo-de-los-sonidos\/\" target=\"_self\"  ><img loading=\"lazy\" decoding=\"async\" width=\"1536\" height=\"768\" src=\"https:\/\/atahla.org\/wp-content\/uploads\/2024\/11\/Estimulacion_Auditiva_1-1.png\" class=\"attachment-post-thumbnail size-post-thumbnail wp-post-image\" alt=\"Estimulaci\u00f3n Auditiva: Ayudando a tu Hijo a Descubrir el Mundo de los Sonidos\" style=\"object-fit:cover;\" srcset=\"https:\/\/atahla.org\/wp-content\/uploads\/2024\/11\/Estimulacion_Auditiva_1-1.png 1536w, https:\/\/atahla.org\/wp-content\/uploads\/2024\/11\/Estimulacion_Auditiva_1-1-300x150.png 300w, https:\/\/atahla.org\/wp-content\/uploads\/2024\/11\/Estimulacion_Auditiva_1-1-1024x512.png 1024w, https:\/\/atahla.org\/wp-content\/uploads\/2024\/11\/Estimulacion_Auditiva_1-1-768x384.png 768w\" sizes=\"(max-width: 1536px) 100vw, 1536px\" \/><\/a><\/figure><\/div>\n\n\n\n<div class=\"wp-block-column is-layout-flow wp-block-column-is-layout-flow\" style=\"flex-basis:33.33%\"><h2 class=\"wp-block-post-title\"><a href=\"https:\/\/atahla.org\/index.php\/2024\/11\/01\/estimulacion-auditiva-ayudando-a-tu-hijo-a-descubrir-el-mundo-de-los-sonidos\/\" target=\"_self\" >Estimulaci\u00f3n Auditiva: Ayudando a tu Hijo a Descubrir el Mundo de los Sonidos<\/a><\/h2>\n\n<div class=\"wp-block-post-excerpt\"><p class=\"wp-block-post-excerpt__excerpt\">La estimulaci\u00f3n auditiva es una t\u00e9cnica fundamental para motivar a los beb\u00e9s y ni\u00f1os a escuchar, diferenciar y, eventualmente, reproducir [&hellip;] <\/p><\/div><\/div>\n<\/div>\n\n<\/li><li class=\"wp-block-post post-524 post type-post status-publish format-standard has-post-thumbnail hentry category-blog tag-tav tag-terapia-auditivo-verbal\">\n\n<div class=\"wp-block-columns alignwide is-layout-flex wp-container-core-columns-is-layout-7 wp-block-columns-is-layout-flex\">\n<div class=\"wp-block-column is-layout-flow wp-block-column-is-layout-flow\" style=\"flex-basis:66.66%\"><figure class=\"wp-block-post-featured-image\"><a href=\"https:\/\/atahla.org\/index.php\/2024\/11\/01\/terapia-auditivo-verbal-escuchar-para-aprender-a-hablar\/\" target=\"_self\"  ><img loading=\"lazy\" decoding=\"async\" width=\"1536\" height=\"768\" src=\"https:\/\/atahla.org\/wp-content\/uploads\/2024\/11\/Terapia_Auditivo_Verbal_2.png\" class=\"attachment-post-thumbnail size-post-thumbnail wp-post-image\" alt=\"Terapia Auditivo-Verbal: Escuchar para Aprender a Hablar\" style=\"object-fit:cover;\" srcset=\"https:\/\/atahla.org\/wp-content\/uploads\/2024\/11\/Terapia_Auditivo_Verbal_2.png 1536w, https:\/\/atahla.org\/wp-content\/uploads\/2024\/11\/Terapia_Auditivo_Verbal_2-300x150.png 300w, https:\/\/atahla.org\/wp-content\/uploads\/2024\/11\/Terapia_Auditivo_Verbal_2-1024x512.png 1024w, https:\/\/atahla.org\/wp-content\/uploads\/2024\/11\/Terapia_Auditivo_Verbal_2-768x384.png 768w\" sizes=\"(max-width: 1536px) 100vw, 1536px\" \/><\/a><\/figure><\/div>\n\n\n\n<div class=\"wp-block-column is-layout-flow wp-block-column-is-layout-flow\" style=\"flex-basis:33.33%\"><h2 class=\"wp-block-post-title\"><a href=\"https:\/\/atahla.org\/index.php\/2024\/11\/01\/terapia-auditivo-verbal-escuchar-para-aprender-a-hablar\/\" target=\"_self\" >Terapia Auditivo-Verbal: Escuchar para Aprender a Hablar<\/a><\/h2>\n\n<div class=\"wp-block-post-excerpt\"><p class=\"wp-block-post-excerpt__excerpt\">La terapia auditivo-verbal (TAV) es un enfoque clave para ayudar a los ni\u00f1os con p\u00e9rdida auditiva a desarrollar sus habilidades [&hellip;] <\/p><\/div><\/div>\n<\/div>\n\n<\/li><\/ul><\/div>\n<\/div>\n<\/div>\n<\/div>\n","protected":false},"excerpt":{"rendered":"","protected":false},"author":1,"featured_media":0,"parent":0,"menu_order":0,"comment_status":"closed","ping_status":"closed","template":"","meta":{"give_campaign_id":0,"_monsterinsights_skip_tracking":false,"_monsterinsights_sitenote_active":false,"_monsterinsights_sitenote_note":"","_monsterinsights_sitenote_category":0,"site-sidebar-layout":"default","site-content-layout":"","ast-site-content-layout":"default","site-content-style":"default","site-sidebar-style":"default","ast-global-header-display":"","ast-banner-title-visibility":"","ast-main-header-display":"","ast-hfb-above-header-display":"","ast-hfb-below-header-display":"","ast-hfb-mobile-header-display":"","site-post-title":"","ast-breadcrumbs-content":"","ast-featured-img":"","footer-sml-layout":"","ast-disable-related-posts":"","theme-transparent-header-meta":"","adv-header-id-meta":"","stick-header-meta":"","header-above-stick-meta":"","header-main-stick-meta":"","header-below-stick-meta":"","astra-migrate-meta-layouts":"default","ast-page-background-enabled":"default","ast-page-background-meta":{"desktop":{"background-color":"var(--ast-global-color-4)","background-image":"","background-repeat":"repeat","background-position":"center center","background-size":"auto","background-attachment":"scroll","background-type":"","background-media":"","overlay-type":"","overlay-color":"","overlay-opacity":"","overlay-gradient":""},"tablet":{"background-color":"","background-image":"","background-repeat":"repeat","background-position":"center center","background-size":"auto","background-attachment":"scroll","background-type":"","background-media":"","overlay-type":"","overlay-color":"","overlay-opacity":"","overlay-gradient":""},"mobile":{"background-color":"","background-image":"","background-repeat":"repeat","background-position":"center center","background-size":"auto","background-attachment":"scroll","background-type":"","background-media":"","overlay-type":"","overlay-color":"","overlay-opacity":"","overlay-gradient":""}},"ast-content-background-meta":{"desktop":{"background-color":"var(--ast-global-color-5)","background-image":"","background-repeat":"repeat","background-position":"center center","background-size":"auto","background-attachment":"scroll","background-type":"","background-media":"","overlay-type":"","overlay-color":"","overlay-opacity":"","overlay-gradient":""},"tablet":{"background-color":"var(--ast-global-color-5)","background-image":"","background-repeat":"repeat","background-position":"center center","background-size":"auto","background-attachment":"scroll","background-type":"","background-media":"","overlay-type":"","overlay-color":"","overlay-opacity":"","overlay-gradient":""},"mobile":{"background-color":"var(--ast-global-color-5)","background-image":"","background-repeat":"repeat","background-position":"center center","background-size":"auto","background-attachment":"scroll","background-type":"","background-media":"","overlay-type":"","overlay-color":"","overlay-opacity":"","overlay-gradient":""}},"_joinchat":[],"footnotes":""},"class_list":["post-540","page","type-page","status-publish","hentry"],"aioseo_notices":[],"campaignId":"","_links":{"self":[{"href":"https:\/\/atahla.org\/index.php\/wp-json\/wp\/v2\/pages\/540"}],"collection":[{"href":"https:\/\/atahla.org\/index.php\/wp-json\/wp\/v2\/pages"}],"about":[{"href":"https:\/\/atahla.org\/index.php\/wp-json\/wp\/v2\/types\/page"}],"author":[{"embeddable":true,"href":"https:\/\/atahla.org\/index.php\/wp-json\/wp\/v2\/users\/1"}],"replies":[{"embeddable":true,"href":"https:\/\/atahla.org\/index.php\/wp-json\/wp\/v2\/comments?post=540"}],"version-history":[{"count":3,"href":"https:\/\/atahla.org\/index.php\/wp-json\/wp\/v2\/pages\/540\/revisions"}],"predecessor-version":[{"id":544,"href":"https:\/\/atahla.org\/index.php\/wp-json\/wp\/v2\/pages\/540\/revisions\/544"}],"wp:attachment":[{"href":"https:\/\/atahla.org\/index.php\/wp-json\/wp\/v2\/media?parent=540"}],"curies":[{"name":"wp","href":"https:\/\/api.w.org\/{rel}","templated":true}]}}