{"id":44,"date":"2024-03-08T22:30:38","date_gmt":"2024-03-08T22:30:38","guid":{"rendered":"https:\/\/atahla.org\/?page_id=44"},"modified":"2024-06-25T05:27:56","modified_gmt":"2024-06-25T05:27:56","slug":"servicios","status":"publish","type":"page","link":"https:\/\/atahla.org\/index.php\/servicios\/","title":{"rendered":"Servicios"},"content":{"rendered":"\n<div class=\"wp-block-columns alignwide is-layout-flex wp-container-core-columns-is-layout-1 wp-block-columns-is-layout-flex\" style=\"margin-bottom:0\">\n<div class=\"wp-block-column has-text-color has-link-color wp-elements-7f1f2c54ced3e823881ae68ee337e6ae is-layout-flow wp-block-column-is-layout-flow\" style=\"color:#000000;padding-top:2em;padding-right:2em;padding-bottom:2em;padding-left:2em\">\n<h3 class=\"wp-block-heading has-text-align-center has-medium-font-size\" id=\"single\"><strong>Clases de Computaci\u00f3n<\/strong><\/h3>\n\n\n\n<figure class=\"wp-block-gallery has-nested-images columns-default is-cropped wp-block-gallery-1 is-layout-flex wp-block-gallery-is-layout-flex\">\n<figure class=\"wp-block-image size-large has-custom-border\"><a href=\"https:\/\/atahla.org\/index.php\/clases-de-computacion\/\"><img loading=\"lazy\" decoding=\"async\" width=\"6720\" height=\"4480\" src=\"https:\/\/atahla.org\/wp-content\/uploads\/2024\/06\/Clases-de-Computacion-2.jpg\" alt=\"\" class=\"wp-image-262\" style=\"border-radius:30px\"\/><\/a><\/figure>\n<\/figure>\n\n\n\n<p class=\"has-text-align-center has-normal-font-size\">Ense\u00f1amos desde el manejo b\u00e1sico hasta programas educativos para el desarrollo cognitivo.<\/p>\n\n\n\n<div style=\"height:2px\" aria-hidden=\"true\" class=\"wp-block-spacer\"><\/div>\n\n\n\n<div class=\"wp-block-buttons alignfull is-horizontal is-content-justification-center is-layout-flex wp-container-core-buttons-is-layout-1 wp-block-buttons-is-layout-flex\">\n<div class=\"wp-block-button has-custom-width wp-block-button__width-100\"><a class=\"wp-block-button__link has-white-color has-text-color has-background no-border-radius wp-element-button\" href=\"https:\/\/atahla.org\/index.php\/clases-de-computacion\/\" style=\"background-color:#000000\">\u00a1Con\u00f3cenos M\u00e1s!<\/a><\/div>\n<\/div>\n<\/div>\n\n\n\n<div class=\"wp-block-column has-text-color has-link-color wp-elements-d7dac1b90cfe58754f7da38607b4b1d4 is-layout-flow wp-block-column-is-layout-flow\" style=\"color:#000000;padding-top:2em;padding-right:2em;padding-bottom:2em;padding-left:2em\">\n<h3 class=\"wp-block-heading has-text-align-center has-medium-font-size\" id=\"family\"><strong>Artes Pl\u00e1sticas<\/strong><\/h3>\n\n\n\n<figure class=\"wp-block-gallery has-nested-images columns-default is-cropped wp-block-gallery-2 is-layout-flex wp-block-gallery-is-layout-flex\">\n<figure class=\"wp-block-image size-large has-custom-border\"><a href=\"https:\/\/atahla.org\/index.php\/artes-plasticas\/\"><img loading=\"lazy\" decoding=\"async\" width=\"5472\" height=\"3648\" src=\"https:\/\/atahla.org\/wp-content\/uploads\/2024\/06\/Artes-Plasticas-2.jpg\" alt=\"\" class=\"wp-image-263\" style=\"border-radius:30px\"\/><\/a><\/figure>\n<\/figure>\n\n\n\n<p class=\"has-text-align-center has-normal-font-size\">Fomentamos la creatividad en artes pl\u00e1sticas: pintura, dibujo, escultura y manualidades, ofreciendo una forma alternativa de comunicaci\u00f3n y expresi\u00f3n.<\/p>\n\n\n\n<div class=\"wp-block-buttons alignfull is-horizontal is-content-justification-center is-layout-flex wp-container-core-buttons-is-layout-2 wp-block-buttons-is-layout-flex\">\n<div class=\"wp-block-button has-custom-width wp-block-button__width-100 is-style-fill\"><a class=\"wp-block-button__link has-white-color has-text-color has-background no-border-radius wp-element-button\" href=\"https:\/\/atahla.org\/index.php\/artes-plasticas\/\" style=\"background-color:#000000\">\u00a1Con\u00f3cenos M\u00e1s!<\/a><\/div>\n<\/div>\n<\/div>\n\n\n\n<div class=\"wp-block-column has-text-color has-link-color wp-elements-bc6b40329ab9158b90e9499273061b40 is-layout-flow wp-block-column-is-layout-flow\" style=\"color:#000000;padding-top:2em;padding-right:2em;padding-bottom:2em;padding-left:2em\">\n<h2 class=\"wp-block-heading has-text-align-center has-medium-font-size\" id=\"patron\"><strong>Oralizaci\u00f3n<\/strong><\/h2>\n\n\n\n<figure class=\"wp-block-gallery has-nested-images columns-default is-cropped wp-block-gallery-3 is-layout-flex wp-block-gallery-is-layout-flex\">\n<figure class=\"wp-block-image size-large has-custom-border\"><img loading=\"lazy\" decoding=\"async\" width=\"6428\" height=\"4285\" src=\"https:\/\/atahla.org\/wp-content\/uploads\/2024\/06\/Oralizacion-de-Ninos-2.jpg\" alt=\"\" class=\"wp-image-264\" style=\"border-radius:30px\"\/><\/figure>\n<\/figure>\n\n\n\n<p class=\"has-normal-font-size\">Clases especializadas para ni\u00f1os sordos, enfocadas en lenguaje oral, lectura labial, pronunciaci\u00f3n y comprensi\u00f3n auditiva, con apoyo especializado.<\/p>\n\n\n\n<div class=\"wp-block-buttons alignfull is-horizontal is-content-justification-center is-layout-flex wp-container-core-buttons-is-layout-3 wp-block-buttons-is-layout-flex\">\n<div class=\"wp-block-button has-custom-width wp-block-button__width-100\"><a class=\"wp-block-button__link has-white-color has-text-color has-background no-border-radius wp-element-button\" style=\"background-color:#000000\">\u00a1Con\u00f3cenos M\u00e1s!<\/a><\/div>\n<\/div>\n<\/div>\n<\/div>\n\n\n\n<div class=\"wp-block-columns is-layout-flex wp-container-core-columns-is-layout-3 wp-block-columns-is-layout-flex\">\n<div class=\"wp-block-column is-layout-flow wp-block-column-is-layout-flow\" style=\"flex-basis:100%\">\n<div class=\"wp-block-group is-layout-constrained wp-block-group-is-layout-constrained\">\n<div class=\"wp-block-columns are-vertically-aligned-top is-layout-flex wp-container-core-columns-is-layout-2 wp-block-columns-is-layout-flex\" style=\"margin-bottom:0\">\n<div class=\"wp-block-column is-vertically-aligned-top has-text-color has-link-color wp-elements-8629b70220f4f5f0aa7423319759c097 is-layout-flow wp-block-column-is-layout-flow\" style=\"color:#000000;padding-top:2em;padding-right:2em;padding-bottom:2em;padding-left:2em\">\n<h3 class=\"wp-block-heading has-text-align-center has-medium-font-size\" id=\"single\"><strong>Problemas de Lenguaje<\/strong><\/h3>\n\n\n\n<figure class=\"wp-block-gallery has-nested-images columns-default is-cropped wp-block-gallery-4 is-layout-flex wp-block-gallery-is-layout-flex\">\n<figure class=\"wp-block-image size-large has-custom-border\"><a href=\"https:\/\/atahla.org\/index.php\/problemas-de-lenguaje\/\"><img loading=\"lazy\" decoding=\"async\" width=\"5362\" height=\"3575\" src=\"https:\/\/atahla.org\/wp-content\/uploads\/2024\/06\/Problemas-de-Lenguaje-2.jpg\" alt=\"\" class=\"wp-image-265\" style=\"border-radius:30px\"\/><\/a><\/figure>\n<\/figure>\n\n\n\n<p class=\"has-text-align-center has-normal-font-size\">Brindamos apoyo individualizado a estudiantes con problemas severos de lenguaje, usando enfoques terap\u00e9uticos adaptados para mejorar su comunicaci\u00f3n.<\/p>\n\n\n\n<div class=\"wp-block-buttons alignfull is-horizontal is-content-justification-center is-layout-flex wp-container-core-buttons-is-layout-4 wp-block-buttons-is-layout-flex\">\n<div class=\"wp-block-button has-custom-width wp-block-button__width-100\"><a class=\"wp-block-button__link has-white-color has-text-color has-background no-border-radius wp-element-button\" href=\"https:\/\/atahla.org\/index.php\/problemas-de-lenguaje\/\" style=\"background-color:#000000\">\u00a1Con\u00f3cenos M\u00e1s!<\/a><\/div>\n<\/div>\n<\/div>\n\n\n\n<div class=\"wp-block-column is-vertically-aligned-top has-text-color has-link-color wp-elements-19ee5d50b864173f706f3824524b6645 is-layout-flow wp-block-column-is-layout-flow\" style=\"color:#000000;padding-top:2em;padding-right:2em;padding-bottom:2em;padding-left:2em\">\n<h3 class=\"wp-block-heading has-text-align-center has-medium-font-size\" id=\"family\"><strong>Problemas de Aprendizaje<\/strong><\/h3>\n\n\n\n<figure class=\"wp-block-gallery has-nested-images columns-default is-cropped wp-block-gallery-5 is-layout-flex wp-block-gallery-is-layout-flex\">\n<figure class=\"wp-block-image size-large has-custom-border\"><a href=\"https:\/\/atahla.org\/index.php\/problemas-de-aprendizaje\/\"><img loading=\"lazy\" decoding=\"async\" width=\"3500\" height=\"2625\" src=\"https:\/\/atahla.org\/wp-content\/uploads\/2024\/06\/Problemas-de-Aprendizaje-2.jpg\" alt=\"\" class=\"wp-image-266\" style=\"border-style:none;border-width:0px;border-radius:30px\"\/><\/a><\/figure>\n<\/figure>\n\n\n\n<p class=\"has-text-align-center has-normal-font-size\">Ofrecemos programas de intervenci\u00f3n temprana y apoyo personalizado para problemas de aprendizaje, proporcionando herramientas y estrategias para su m\u00e1ximo potencial.<\/p>\n\n\n\n<div class=\"wp-block-buttons alignfull is-horizontal is-content-justification-center is-layout-flex wp-container-core-buttons-is-layout-5 wp-block-buttons-is-layout-flex\">\n<div class=\"wp-block-button has-custom-width wp-block-button__width-100 is-style-fill\"><a class=\"wp-block-button__link has-white-color has-text-color has-background no-border-radius wp-element-button\" href=\"https:\/\/atahla.org\/index.php\/problemas-de-aprendizaje\/\" style=\"background-color:#000000\">\u00a1Con\u00f3cenos M\u00e1s!<\/a><\/div>\n<\/div>\n<\/div>\n<\/div>\n<\/div>\n<\/div>\n<\/div>\n\n\n<style id=\"wpforms-css-vars-280-block-d04befad-b7d0-4997-b011-e34f0db15a51\">\n\t\t\t\t#wpforms-280.wpforms-block-d04befad-b7d0-4997-b011-e34f0db15a51 {\n\t\t\t\t--wpforms-field-background-color: var(--ast-global-color-5);\n--wpforms-field-border-color: var(--ast-global-color-2);\n--wpforms-field-border-color-spare: var(--ast-global-color-2);\n\t\t\t}\n\t\t\t<\/style><div class=\"wpforms-container wpforms-container-full wpforms-block wpforms-block-d04befad-b7d0-4997-b011-e34f0db15a51 wpforms-render-modern\" id=\"wpforms-280\"><form id=\"wpforms-form-280\" class=\"wpforms-validate wpforms-form wpforms-ajax-form\" data-formid=\"280\" method=\"post\" enctype=\"multipart\/form-data\" action=\"\/index.php\/wp-json\/wp\/v2\/pages\/44\" data-token=\"0da66f92e8f3ba31132cedfcbaed7c43\" data-token-time=\"1777528895\"><div class=\"wpforms-head-container\"><div class=\"wpforms-title\">Platica con Nosotros<\/div><\/div><noscript class=\"wpforms-error-noscript\">Por favor, activa JavaScript en tu navegador para completar este formulario.<\/noscript><div id=\"wpforms-error-noscript\" style=\"display: none;\">Por favor, activa JavaScript en tu navegador para completar este formulario.<\/div><div class=\"wpforms-field-container\"><div id=\"wpforms-280-field_0-container\" class=\"wpforms-field wpforms-field-name\" data-field-id=\"0\"><fieldset><legend class=\"wpforms-field-label\">Name <span class=\"wpforms-required-label\" aria-hidden=\"true\">*<\/span><\/legend><div class=\"wpforms-field-row wpforms-field-medium\"><div class=\"wpforms-field-row-block wpforms-first wpforms-one-half\"><input type=\"text\" id=\"wpforms-280-field_0\" class=\"wpforms-field-name-first wpforms-field-required\" name=\"wpforms[fields][0][first]\" placeholder=\" \" aria-errormessage=\"wpforms-280-field_0-error\" required><label for=\"wpforms-280-field_0\" class=\"wpforms-field-sublabel after\">Nombre<\/label><\/div><div class=\"wpforms-field-row-block wpforms-one-half\"><input type=\"text\" id=\"wpforms-280-field_0-last\" class=\"wpforms-field-name-last wpforms-field-required\" name=\"wpforms[fields][0][last]\" aria-errormessage=\"wpforms-280-field_0-last-error\" required><label for=\"wpforms-280-field_0-last\" class=\"wpforms-field-sublabel after\">Apellidos<\/label><\/div><\/div><\/fieldset><\/div><div id=\"wpforms-280-field_1-container\" class=\"wpforms-field wpforms-field-email\" data-field-id=\"1\"><label class=\"wpforms-field-label\" for=\"wpforms-280-field_1\">Email <span class=\"wpforms-required-label\" aria-hidden=\"true\">*<\/span><\/label><input type=\"email\" id=\"wpforms-280-field_1\" class=\"wpforms-field-medium wpforms-field-required\" name=\"wpforms[fields][1]\" spellcheck=\"false\" aria-errormessage=\"wpforms-280-field_1-error\" required><\/div><div id=\"wpforms-280-field_3-container\" class=\"wpforms-field wpforms-field-select wpforms-field-select-style-classic\" data-field-id=\"3\"><label class=\"wpforms-field-label\" for=\"wpforms-280-field_3\">\u00bfDe qu\u00e9 servicio te gustar\u00eda saber m\u00e1s? <span class=\"wpforms-required-label\" aria-hidden=\"true\">*<\/span><\/label><select id=\"wpforms-280-field_3\" class=\"wpforms-field-medium wpforms-field-required\" name=\"wpforms[fields][3]\" required=\"required\"><option value=\"Clases de Computaci\u00f3n\"  class=\"choice-1 depth-1\"  >Clases de Computaci\u00f3n<\/option><option value=\"Artes Pl\u00e1sticas\"  class=\"choice-5 depth-1\"  >Artes Pl\u00e1sticas<\/option><option value=\"Oralizaci\u00f3n\"  class=\"choice-2 depth-1\"  >Oralizaci\u00f3n<\/option><option value=\"Problemas de Lenguaje\"  class=\"choice-3 depth-1\"  >Problemas de Lenguaje<\/option><option value=\"Problemas de Aprendizaje\"  class=\"choice-4 depth-1\"  >Problemas de Aprendizaje<\/option><\/select><\/div><div id=\"wpforms-280-field_2-container\" class=\"wpforms-field wpforms-field-textarea\" data-field-id=\"2\"><label class=\"wpforms-field-label\" for=\"wpforms-280-field_2\">Expl\u00edcanos a m\u00e1s detalle como podemos ayudarte <span class=\"wpforms-required-label\" aria-hidden=\"true\">*<\/span><\/label><textarea id=\"wpforms-280-field_2\" class=\"wpforms-field-medium wpforms-field-required\" name=\"wpforms[fields][2]\" aria-errormessage=\"wpforms-280-field_2-error\" required><\/textarea><\/div><\/div><!-- .wpforms-field-container --><div class=\"wpforms-submit-container\" ><input type=\"hidden\" name=\"wpforms[id]\" value=\"280\"><input type=\"hidden\" name=\"page_title\" value=\"\"><input type=\"hidden\" name=\"page_url\" value=\"https:\/\/atahla.org\/index.php\/wp-json\/wp\/v2\/pages\/44\"><input type=\"hidden\" name=\"url_referer\" value=\"\"><button type=\"submit\" name=\"wpforms[submit]\" id=\"wpforms-submit-280\" class=\"wpforms-submit\" data-alt-text=\"Enviando...\" data-submit-text=\"Enviar\" aria-live=\"assertive\" value=\"wpforms-submit\">Enviar<\/button><img loading=\"lazy\" decoding=\"async\" src=\"https:\/\/atahla.org\/wp-content\/plugins\/wpforms-lite\/assets\/images\/submit-spin.svg\" class=\"wpforms-submit-spinner\" style=\"display: none;\" width=\"26\" height=\"26\" alt=\"Cargando\"><\/div><\/form><\/div>  <!-- .wpforms-container -->","protected":false},"excerpt":{"rendered":"<p>Clases de Computaci\u00f3n Ense\u00f1amos desde el manejo b\u00e1sico hasta programas educativos para el desarrollo cognitivo. Artes Pl\u00e1sticas Fomentamos la creatividad [&hellip;]<\/p>\n","protected":false},"author":1,"featured_media":0,"parent":0,"menu_order":0,"comment_status":"closed","ping_status":"closed","template":"","meta":{"give_campaign_id":0,"_monsterinsights_skip_tracking":false,"_monsterinsights_sitenote_active":false,"_monsterinsights_sitenote_note":"","_monsterinsights_sitenote_category":0,"site-sidebar-layout":"default","site-content-layout":"","ast-site-content-layout":"default","site-content-style":"default","site-sidebar-style":"default","ast-global-header-display":"","ast-banner-title-visibility":"","ast-main-header-display":"","ast-hfb-above-header-display":"","ast-hfb-below-header-display":"","ast-hfb-mobile-header-display":"","site-post-title":"","ast-breadcrumbs-content":"","ast-featured-img":"","footer-sml-layout":"","ast-disable-related-posts":"","theme-transparent-header-meta":"","adv-header-id-meta":"","stick-header-meta":"","header-above-stick-meta":"","header-main-stick-meta":"","header-below-stick-meta":"","astra-migrate-meta-layouts":"default","ast-page-background-enabled":"default","ast-page-background-meta":{"desktop":{"background-color":"var(--ast-global-color-4)","background-image":"","background-repeat":"repeat","background-position":"center center","background-size":"auto","background-attachment":"scroll","background-type":"","background-media":"","overlay-type":"","overlay-color":"","overlay-opacity":"","overlay-gradient":""},"tablet":{"background-color":"","background-image":"","background-repeat":"repeat","background-position":"center center","background-size":"auto","background-attachment":"scroll","background-type":"","background-media":"","overlay-type":"","overlay-color":"","overlay-opacity":"","overlay-gradient":""},"mobile":{"background-color":"","background-image":"","background-repeat":"repeat","background-position":"center center","background-size":"auto","background-attachment":"scroll","background-type":"","background-media":"","overlay-type":"","overlay-color":"","overlay-opacity":"","overlay-gradient":""}},"ast-content-background-meta":{"desktop":{"background-color":"var(--ast-global-color-5)","background-image":"","background-repeat":"repeat","background-position":"center center","background-size":"auto","background-attachment":"scroll","background-type":"","background-media":"","overlay-type":"","overlay-color":"","overlay-opacity":"","overlay-gradient":""},"tablet":{"background-color":"var(--ast-global-color-5)","background-image":"","background-repeat":"repeat","background-position":"center center","background-size":"auto","background-attachment":"scroll","background-type":"","background-media":"","overlay-type":"","overlay-color":"","overlay-opacity":"","overlay-gradient":""},"mobile":{"background-color":"var(--ast-global-color-5)","background-image":"","background-repeat":"repeat","background-position":"center center","background-size":"auto","background-attachment":"scroll","background-type":"","background-media":"","overlay-type":"","overlay-color":"","overlay-opacity":"","overlay-gradient":""}},"_joinchat":[],"footnotes":""},"class_list":["post-44","page","type-page","status-publish","hentry"],"aioseo_notices":[],"campaignId":"","_links":{"self":[{"href":"https:\/\/atahla.org\/index.php\/wp-json\/wp\/v2\/pages\/44"}],"collection":[{"href":"https:\/\/atahla.org\/index.php\/wp-json\/wp\/v2\/pages"}],"about":[{"href":"https:\/\/atahla.org\/index.php\/wp-json\/wp\/v2\/types\/page"}],"author":[{"embeddable":true,"href":"https:\/\/atahla.org\/index.php\/wp-json\/wp\/v2\/users\/1"}],"replies":[{"embeddable":true,"href":"https:\/\/atahla.org\/index.php\/wp-json\/wp\/v2\/comments?post=44"}],"version-history":[{"count":6,"href":"https:\/\/atahla.org\/index.php\/wp-json\/wp\/v2\/pages\/44\/revisions"}],"predecessor-version":[{"id":340,"href":"https:\/\/atahla.org\/index.php\/wp-json\/wp\/v2\/pages\/44\/revisions\/340"}],"wp:attachment":[{"href":"https:\/\/atahla.org\/index.php\/wp-json\/wp\/v2\/media?parent=44"}],"curies":[{"name":"wp","href":"https:\/\/api.w.org\/{rel}","templated":true}]}}