{"id":42,"date":"2024-03-08T22:30:17","date_gmt":"2024-03-08T22:30:17","guid":{"rendered":"https:\/\/atahla.org\/?page_id=42"},"modified":"2025-05-25T17:15:29","modified_gmt":"2025-05-25T17:15:29","slug":"equipo","status":"publish","type":"page","link":"https:\/\/atahla.org\/index.php\/equipo\/","title":{"rendered":"Equipo"},"content":{"rendered":"\n<div class=\"wp-block-group alignwide animated fadeIn is-horizontal is-content-justification-center is-nowrap is-layout-flex wp-container-core-group-is-layout-1 wp-block-group-is-layout-flex\">\n<div class=\"wp-block-columns is-layout-flex wp-container-core-columns-is-layout-1 wp-block-columns-is-layout-flex\">\n<div class=\"wp-block-column has-ast-global-color-0-background-color has-background is-layout-flow wp-container-core-column-is-layout-1 wp-block-column-is-layout-flow\" style=\"flex-basis:277px\">\n<figure class=\"wp-block-image alignfull size-full has-custom-border is-style-default\"><img loading=\"lazy\" decoding=\"async\" width=\"1280\" height=\"1708\" src=\"https:\/\/atahla.org\/wp-content\/uploads\/2024\/09\/Ingrid-Diaz.jpg\" alt=\"\" class=\"wp-image-418\" style=\"border-style:none;border-width:0px;border-radius:0px\" srcset=\"https:\/\/atahla.org\/wp-content\/uploads\/2024\/09\/Ingrid-Diaz.jpg 1280w, https:\/\/atahla.org\/wp-content\/uploads\/2024\/09\/Ingrid-Diaz-225x300.jpg 225w, https:\/\/atahla.org\/wp-content\/uploads\/2024\/09\/Ingrid-Diaz-767x1024.jpg 767w, https:\/\/atahla.org\/wp-content\/uploads\/2024\/09\/Ingrid-Diaz-768x1025.jpg 768w, https:\/\/atahla.org\/wp-content\/uploads\/2024\/09\/Ingrid-Diaz-1151x1536.jpg 1151w\" sizes=\"(max-width: 1280px) 100vw, 1280px\" \/><\/figure>\n\n\n\n<p class=\"has-text-align-center has-ast-global-color-5-color has-text-color has-link-color has-medium-font-size wp-elements-8760c29ea1740bcae0d7e3d3cef31de3\" style=\"margin-right:0;margin-left:0\"><strong>Ingrid D\u00edaz<\/strong> <strong>Cordova<\/strong><\/p>\n\n\n\n<p class=\"has-text-align-center has-ast-global-color-5-color has-text-color has-link-color wp-elements-1f03e40824ad62f86ea2aff240485633\" style=\"margin-right:0;margin-bottom:var(--wp--preset--spacing--30);margin-left:0\">Directora General<\/p>\n<\/div>\n\n\n\n<div class=\"wp-block-column has-ast-global-color-0-background-color has-background is-layout-flow wp-block-column-is-layout-flow\" style=\"flex-basis:277px\">\n<figure class=\"wp-block-image alignfull size-full\"><img loading=\"lazy\" decoding=\"async\" width=\"1200\" height=\"1600\" src=\"https:\/\/atahla.org\/wp-content\/uploads\/2024\/09\/IMG_3976.jpg\" alt=\"\" class=\"wp-image-423\" srcset=\"https:\/\/atahla.org\/wp-content\/uploads\/2024\/09\/IMG_3976.jpg 1200w, https:\/\/atahla.org\/wp-content\/uploads\/2024\/09\/IMG_3976-225x300.jpg 225w, https:\/\/atahla.org\/wp-content\/uploads\/2024\/09\/IMG_3976-768x1024.jpg 768w, https:\/\/atahla.org\/wp-content\/uploads\/2024\/09\/IMG_3976-1152x1536.jpg 1152w\" sizes=\"(max-width: 1200px) 100vw, 1200px\" \/><\/figure>\n\n\n\n<p class=\"has-text-align-center has-ast-global-color-5-color has-text-color has-link-color has-medium-font-size wp-elements-2186edf7c794c02ddf33addede827d1d\" style=\"margin-right:0;margin-left:0\"><strong>Aura Cedillo<\/strong><\/p>\n\n\n\n<p class=\"has-text-align-center has-ast-global-color-5-color has-text-color has-link-color wp-elements-65785c87081501311a2c622c910e8c04\" style=\"margin-right:0;margin-bottom:var(--wp--preset--spacing--30);margin-left:0\"><\/p>\n<\/div>\n\n\n\n<div class=\"wp-block-column has-ast-global-color-0-background-color has-background is-layout-flow wp-block-column-is-layout-flow\" style=\"flex-basis:277px\">\n<figure class=\"wp-block-image alignfull size-full is-style-default\"><img loading=\"lazy\" decoding=\"async\" width=\"1815\" height=\"2048\" src=\"https:\/\/atahla.org\/wp-content\/uploads\/2024\/09\/IMG_3975.jpg\" alt=\"\" class=\"wp-image-425\" srcset=\"https:\/\/atahla.org\/wp-content\/uploads\/2024\/09\/IMG_3975.jpg 1815w, https:\/\/atahla.org\/wp-content\/uploads\/2024\/09\/IMG_3975-266x300.jpg 266w, https:\/\/atahla.org\/wp-content\/uploads\/2024\/09\/IMG_3975-908x1024.jpg 908w, https:\/\/atahla.org\/wp-content\/uploads\/2024\/09\/IMG_3975-768x867.jpg 768w, https:\/\/atahla.org\/wp-content\/uploads\/2024\/09\/IMG_3975-1361x1536.jpg 1361w\" sizes=\"(max-width: 1815px) 100vw, 1815px\" \/><\/figure>\n\n\n\n<p class=\"has-text-align-center has-ast-global-color-5-color has-text-color has-link-color has-medium-font-size wp-elements-f71d917d799d49c6e9b20978e6fe95c8\" style=\"margin-right:0;margin-left:0\"><strong>Valentina Mart\u00ednez<\/strong><\/p>\n\n\n\n<p class=\"has-text-align-center has-ast-global-color-5-color has-text-color has-link-color wp-elements-a4fca9e53a6c4a22905f5d4b79a102a8\" style=\"margin-right:0;margin-bottom:var(--wp--preset--spacing--30);margin-left:0\">Especialista Educaci\u00f3n Deportiva<\/p>\n<\/div>\n<\/div>\n<\/div>\n\n\n\n<div class=\"wp-block-group alignwide animated fadeIn is-horizontal is-content-justification-center is-nowrap is-layout-flex wp-container-core-group-is-layout-2 wp-block-group-is-layout-flex\">\n<div class=\"wp-block-columns is-layout-flex wp-container-core-columns-is-layout-2 wp-block-columns-is-layout-flex\">\n<div class=\"wp-block-column has-ast-global-color-0-background-color has-background is-layout-flow wp-container-core-column-is-layout-4 wp-block-column-is-layout-flow\" style=\"flex-basis:277px\">\n<figure class=\"wp-block-image alignfull size-full has-custom-border is-style-default\"><img loading=\"lazy\" decoding=\"async\" width=\"1200\" height=\"1600\" src=\"https:\/\/atahla.org\/wp-content\/uploads\/2024\/09\/IMG_3977-1.jpg\" alt=\"\" class=\"wp-image-429\" style=\"border-style:none;border-width:0px;border-radius:0px\" srcset=\"https:\/\/atahla.org\/wp-content\/uploads\/2024\/09\/IMG_3977-1.jpg 1200w, https:\/\/atahla.org\/wp-content\/uploads\/2024\/09\/IMG_3977-1-225x300.jpg 225w, https:\/\/atahla.org\/wp-content\/uploads\/2024\/09\/IMG_3977-1-768x1024.jpg 768w, https:\/\/atahla.org\/wp-content\/uploads\/2024\/09\/IMG_3977-1-1152x1536.jpg 1152w\" sizes=\"(max-width: 1200px) 100vw, 1200px\" \/><\/figure>\n\n\n\n<p class=\"has-text-align-center has-ast-global-color-5-color has-text-color has-link-color has-medium-font-size wp-elements-f58b1222dc22e8d4fbbda9e7594440b8\" style=\"margin-right:0;margin-left:0\"><strong>Venom<\/strong><\/p>\n\n\n\n<p class=\"has-text-align-center has-ast-global-color-5-color has-text-color has-link-color wp-elements-c3dbd46f10af9808fd2da28df16b8430\" style=\"margin-right:0;margin-bottom:var(--wp--preset--spacing--30);margin-left:0\">Perrito Asistente Oficial<\/p>\n<\/div>\n<\/div>\n<\/div>\n","protected":false},"excerpt":{"rendered":"<p>Ingrid D\u00edaz Cordova Directora General Aura Cedillo Valentina Mart\u00ednez Especialista Educaci\u00f3n Deportiva Venom Perrito Asistente Oficial<\/p>\n","protected":false},"author":1,"featured_media":0,"parent":0,"menu_order":0,"comment_status":"closed","ping_status":"closed","template":"","meta":{"give_campaign_id":0,"_monsterinsights_skip_tracking":false,"_monsterinsights_sitenote_active":false,"_monsterinsights_sitenote_note":"","_monsterinsights_sitenote_category":0,"site-sidebar-layout":"default","site-content-layout":"","ast-site-content-layout":"default","site-content-style":"default","site-sidebar-style":"default","ast-global-header-display":"","ast-banner-title-visibility":"","ast-main-header-display":"","ast-hfb-above-header-display":"","ast-hfb-below-header-display":"","ast-hfb-mobile-header-display":"","site-post-title":"","ast-breadcrumbs-content":"","ast-featured-img":"","footer-sml-layout":"","ast-disable-related-posts":"","theme-transparent-header-meta":"","adv-header-id-meta":"","stick-header-meta":"","header-above-stick-meta":"","header-main-stick-meta":"","header-below-stick-meta":"","astra-migrate-meta-layouts":"default","ast-page-background-enabled":"default","ast-page-background-meta":{"desktop":{"background-color":"var(--ast-global-color-4)","background-image":"","background-repeat":"repeat","background-position":"center center","background-size":"auto","background-attachment":"scroll","background-type":"","background-media":"","overlay-type":"","overlay-color":"","overlay-opacity":"","overlay-gradient":""},"tablet":{"background-color":"","background-image":"","background-repeat":"repeat","background-position":"center center","background-size":"auto","background-attachment":"scroll","background-type":"","background-media":"","overlay-type":"","overlay-color":"","overlay-opacity":"","overlay-gradient":""},"mobile":{"background-color":"","background-image":"","background-repeat":"repeat","background-position":"center center","background-size":"auto","background-attachment":"scroll","background-type":"","background-media":"","overlay-type":"","overlay-color":"","overlay-opacity":"","overlay-gradient":""}},"ast-content-background-meta":{"desktop":{"background-color":"var(--ast-global-color-5)","background-image":"","background-repeat":"repeat","background-position":"center center","background-size":"auto","background-attachment":"scroll","background-type":"","background-media":"","overlay-type":"","overlay-color":"","overlay-opacity":"","overlay-gradient":""},"tablet":{"background-color":"var(--ast-global-color-5)","background-image":"","background-repeat":"repeat","background-position":"center center","background-size":"auto","background-attachment":"scroll","background-type":"","background-media":"","overlay-type":"","overlay-color":"","overlay-opacity":"","overlay-gradient":""},"mobile":{"background-color":"var(--ast-global-color-5)","background-image":"","background-repeat":"repeat","background-position":"center center","background-size":"auto","background-attachment":"scroll","background-type":"","background-media":"","overlay-type":"","overlay-color":"","overlay-opacity":"","overlay-gradient":""}},"_joinchat":[],"footnotes":""},"class_list":["post-42","page","type-page","status-publish","hentry"],"aioseo_notices":[],"campaignId":"","_links":{"self":[{"href":"https:\/\/atahla.org\/index.php\/wp-json\/wp\/v2\/pages\/42"}],"collection":[{"href":"https:\/\/atahla.org\/index.php\/wp-json\/wp\/v2\/pages"}],"about":[{"href":"https:\/\/atahla.org\/index.php\/wp-json\/wp\/v2\/types\/page"}],"author":[{"embeddable":true,"href":"https:\/\/atahla.org\/index.php\/wp-json\/wp\/v2\/users\/1"}],"replies":[{"embeddable":true,"href":"https:\/\/atahla.org\/index.php\/wp-json\/wp\/v2\/comments?post=42"}],"version-history":[{"count":28,"href":"https:\/\/atahla.org\/index.php\/wp-json\/wp\/v2\/pages\/42\/revisions"}],"predecessor-version":[{"id":554,"href":"https:\/\/atahla.org\/index.php\/wp-json\/wp\/v2\/pages\/42\/revisions\/554"}],"wp:attachment":[{"href":"https:\/\/atahla.org\/index.php\/wp-json\/wp\/v2\/media?parent=42"}],"curies":[{"name":"wp","href":"https:\/\/api.w.org\/{rel}","templated":true}]}}