{"id":328,"date":"2024-06-25T05:15:10","date_gmt":"2024-06-25T05:15:10","guid":{"rendered":"https:\/\/atahla.org\/?page_id=328"},"modified":"2024-08-21T05:23:18","modified_gmt":"2024-08-21T05:23:18","slug":"problemas-de-aprendizaje","status":"publish","type":"page","link":"https:\/\/atahla.org\/index.php\/servicios\/problemas-de-aprendizaje\/","title":{"rendered":"Problemas de Aprendizaje"},"content":{"rendered":"\n<div class=\"wp-block-cover alignfull has-parallax\" style=\"min-height:553px;aspect-ratio:unset;\"><span aria-hidden=\"true\" class=\"wp-block-cover__background has-background-dim-40 has-background-dim\" style=\"background-color:#000000\"><\/span><div class=\"wp-block-cover__image-background wp-image-331 has-parallax\" style=\"background-position:50% 50%;background-image:url(https:\/\/atahla.org\/wp-content\/uploads\/2024\/06\/Problemas-de-Aprendizaje-1-2.jpg)\"><\/div><div class=\"wp-block-cover__inner-container is-layout-flow wp-block-cover-is-layout-flow\">\n<h2 class=\"wp-block-heading alignwide has-white-color has-text-color\" style=\"font-size:37px;line-height:1.2\"><em>Enfrentando los Desaf\u00edos del Aprendizaje<\/em><\/h2>\n\n\n\n<div class=\"wp-block-columns alignwide is-layout-flex wp-container-core-columns-is-layout-1 wp-block-columns-is-layout-flex\">\n<div class=\"wp-block-column is-layout-flow wp-block-column-is-layout-flow\" style=\"flex-basis:60%\">\n<p class=\"has-medium-font-size\">Los problemas de lenguaje en ni\u00f1os sordos pueden ser un desaf\u00edo significativo, afectando su capacidad para comunicarse y participar plenamente en la sociedad. En Atahla, nos especializamos en abordar estos problemas mediante programas integrales y personalizados que fomentan el desarrollo del lenguaje y la comunicaci\u00f3n efectiva.<\/p>\n\n\n\n<div class=\"wp-block-buttons is-layout-flex wp-block-buttons-is-layout-flex\">\n<div class=\"wp-block-button is-style-outline is-style-outline--548fc69f637d8b75f64da8ef5db15244\"><a class=\"wp-block-button__link has-text-color has-background wp-element-button\" style=\"color:#ffffff;background-color:#000000\">Cont\u00e1ctanos<\/a><\/div>\n<\/div>\n<\/div>\n\n\n\n<div class=\"wp-block-column is-layout-flow wp-block-column-is-layout-flow\"><\/div>\n<\/div>\n<\/div><\/div>\n\n\n\n<div class=\"wp-block-group alignfull is-layout-constrained wp-container-core-group-is-layout-2 wp-block-group-is-layout-constrained\" style=\"padding-top:6vw;padding-right:6vw;padding-bottom:6vw;padding-left:6vw\">\n<p class=\"has-text-color\" style=\"color:#000000;font-size:30px;font-style:normal;font-weight:700;letter-spacing:0px;line-height:0.9;text-decoration:none;text-transform:none\">Nuestra Misi\u00f3n<\/p>\n\n\n\n<p>En Atahla, nuestra misi\u00f3n es empoderar a los ni\u00f1os sordos para que superen sus dificultades de aprendizaje y logren una integraci\u00f3n plena en la sociedad. Nos comprometemos a proporcionar una educaci\u00f3n inclusiva y de calidad que les permita desarrollar todo su potencial.<\/p>\n\n\n\n<div class=\"wp-block-group alignwide is-vertical is-nowrap is-layout-flex wp-container-core-group-is-layout-1 wp-block-group-is-layout-flex\" style=\"padding-top:0;padding-right:0;padding-bottom:0;padding-left:0\">\n<div class=\"wp-block-columns alignwide is-layout-flex wp-container-core-columns-is-layout-2 wp-block-columns-is-layout-flex\">\n<div class=\"wp-block-column is-layout-flow wp-block-column-is-layout-flow\" style=\"flex-basis:33.38%\">\n<p class=\"has-medium-font-size\"><strong>\u00bfC\u00f3mo lo Hacemos?<\/strong><\/p>\n\n\n\n<ol class=\"wp-block-list\">\n<li>Cada ni\u00f1o es \u00fanico, por lo que <strong>comenzamos <\/strong>con una <strong>evaluaci\u00f3n <\/strong>exhaustiva para identificar sus necesidades espec\u00edficas y dise\u00f1ar un plan educativo adaptado a ellos.<\/li>\n\n\n\n<li>Utilizamos <strong>m\u00e9todos <\/strong>educativos <strong>especializados <\/strong>y <strong>probados <\/strong>para abordar los problemas de aprendizaje.<\/li>\n\n\n\n<li>Incorporamos <strong>tecnolog\u00edas <\/strong>avanzadas y dispositivos de asistencia para facilitar el <strong>aprendizaje <\/strong>y mejorar las habilidades <strong>acad\u00e9micas <\/strong>de los ni\u00f1os.<\/li>\n\n\n\n<li>Creemos en la <strong>importancia <\/strong>de involucrar a las <strong>familias <\/strong>en el proceso educativo, proporcionando <strong>formaci\u00f3n <\/strong>y recursos para que puedan apoyar a sus hijos en <strong>casa<\/strong>.<\/li>\n\n\n\n<li>Trabajamos para que los ni\u00f1os se <strong>integren <\/strong>en <strong>entornos <\/strong>escolares <strong>regulares<\/strong>, ofreci\u00e9ndoles el <strong>apoyo <\/strong>necesario para tener \u00e9xito tanto acad\u00e9mica como <strong>socialmente<\/strong>.<\/li>\n<\/ol>\n<\/div>\n\n\n\n<div class=\"wp-block-column is-layout-flow wp-block-column-is-layout-flow\" style=\"flex-basis:33%\">\n<figure class=\"wp-block-image aligncenter size-full is-resized\"><img loading=\"lazy\" decoding=\"async\" width=\"1200\" height=\"675\" src=\"https:\/\/atahla.org\/wp-content\/uploads\/2024\/06\/Problemas-de-Aprendizaje-2-1.jpg\" alt=\"\" class=\"wp-image-332\" style=\"width:400px;height:auto\"\/><\/figure>\n\n\n\n<div style=\"height:100px\" aria-hidden=\"true\" class=\"wp-block-spacer\"><\/div>\n\n\n\n<figure class=\"wp-block-image aligncenter size-full is-resized\"><img loading=\"lazy\" decoding=\"async\" width=\"950\" height=\"534\" src=\"https:\/\/atahla.org\/wp-content\/uploads\/2024\/06\/Problemas-de-Aprendizaje-3.png\" alt=\"\" class=\"wp-image-333\" style=\"width:394px;height:auto\"\/><\/figure>\n<\/div>\n\n\n\n<div class=\"wp-block-column is-layout-flow wp-block-column-is-layout-flow\" style=\"flex-basis:33.62%\">\n<p class=\"has-medium-font-size\"><strong>\u00bfPor Qu\u00e9 Invertir en Atahla?<\/strong><\/p>\n\n\n\n<ul class=\"wp-block-list\">\n<li>Tu <strong>donaci\u00f3n <\/strong>ayuda a cambiar la vida de los ni\u00f1os sordos, brind\u00e1ndoles la <strong>oportunidad <\/strong>de superar sus dificultades de aprendizaje y <strong>alcanzar <\/strong>sus <strong>metas<\/strong>.<\/li>\n\n\n\n<li>Nos basamos en las <strong>mejores <\/strong>pr\u00e1cticas y utilizamos las \u00faltimas <strong>tecnolog\u00edas <\/strong>para asegurar resultados positivos y <strong>duraderos<\/strong>.<\/li>\n\n\n\n<li><strong>Garantizamos <\/strong>el uso eficiente y transparente de los <strong>fondos<\/strong>, maximizando el impacto de cada donaci\u00f3n en la educaci\u00f3n y el desarrollo de los ni\u00f1os.<\/li>\n<\/ul>\n<\/div>\n<\/div>\n\n\n\n<div class=\"wp-block-columns alignwide is-layout-flex wp-container-core-columns-is-layout-3 wp-block-columns-is-layout-flex\">\n<div class=\"wp-block-column is-layout-flow wp-block-column-is-layout-flow\" style=\"flex-basis:69%\">\n<figure class=\"wp-block-image size-full is-resized\"><img loading=\"lazy\" decoding=\"async\" width=\"640\" height=\"426\" src=\"https:\/\/atahla.org\/wp-content\/uploads\/2024\/06\/Problemas-de-Aprendizaje-4.jpg\" alt=\"\" class=\"wp-image-334\" style=\"width:837px;height:auto\"\/><\/figure>\n<\/div>\n\n\n\n<div class=\"wp-block-column is-vertically-aligned-center is-layout-flow wp-block-column-is-layout-flow\" style=\"flex-basis:33%\">\n<p class=\"has-large-font-size\"><strong>\u00danase a Nuestra Misi\u00f3n<\/strong><\/p>\n\n\n\n<p class=\"has-medium-font-size\">Tu apoyo es vital para continuar con nuestra labor. Cada donaci\u00f3n, sin importar su tama\u00f1o, nos ayuda a construir un futuro donde todos los ni\u00f1os sordos puedan acceder a una educaci\u00f3n de calidad y desarrollarse plenamente. Invierta en Atahla y sea parte del cambio positivo.<\/p>\n<\/div>\n<\/div>\n<\/div>\n\n\n\n<div style=\"height:31px\" aria-hidden=\"true\" class=\"wp-block-spacer\"><\/div>\n\n\n<div class=\"wpforms-container wpforms-container-full wpforms-block wpforms-block-dd12a3bf-3ae8-4821-9c43-f700545c0721 wpforms-render-modern\" id=\"wpforms-280\"><form id=\"wpforms-form-280\" class=\"wpforms-validate wpforms-form wpforms-ajax-form\" data-formid=\"280\" method=\"post\" enctype=\"multipart\/form-data\" action=\"\/index.php\/wp-json\/wp\/v2\/pages\/328\" data-token=\"3086072e3fa311715738ad39f23acdec\" data-token-time=\"1777623825\"><div class=\"wpforms-head-container\"><div class=\"wpforms-title\">Platica con Nosotros<\/div><\/div><noscript class=\"wpforms-error-noscript\">Por favor, activa JavaScript en tu navegador para completar este formulario.<\/noscript><div id=\"wpforms-error-noscript\" style=\"display: none;\">Por favor, activa JavaScript en tu navegador para completar este formulario.<\/div><div class=\"wpforms-field-container\"><div id=\"wpforms-280-field_0-container\" class=\"wpforms-field wpforms-field-name\" data-field-id=\"0\"><fieldset><legend class=\"wpforms-field-label\">Name <span class=\"wpforms-required-label\" aria-hidden=\"true\">*<\/span><\/legend><div class=\"wpforms-field-row wpforms-field-medium\"><div class=\"wpforms-field-row-block wpforms-first wpforms-one-half\"><input type=\"text\" id=\"wpforms-280-field_0\" class=\"wpforms-field-name-first wpforms-field-required\" name=\"wpforms[fields][0][first]\" placeholder=\" \" aria-errormessage=\"wpforms-280-field_0-error\" required><label for=\"wpforms-280-field_0\" class=\"wpforms-field-sublabel after\">Nombre<\/label><\/div><div class=\"wpforms-field-row-block wpforms-one-half\"><input type=\"text\" id=\"wpforms-280-field_0-last\" class=\"wpforms-field-name-last wpforms-field-required\" name=\"wpforms[fields][0][last]\" aria-errormessage=\"wpforms-280-field_0-last-error\" required><label for=\"wpforms-280-field_0-last\" class=\"wpforms-field-sublabel after\">Apellidos<\/label><\/div><\/div><\/fieldset><\/div><div id=\"wpforms-280-field_1-container\" class=\"wpforms-field wpforms-field-email\" data-field-id=\"1\"><label class=\"wpforms-field-label\" for=\"wpforms-280-field_1\">Email <span class=\"wpforms-required-label\" aria-hidden=\"true\">*<\/span><\/label><input type=\"email\" id=\"wpforms-280-field_1\" class=\"wpforms-field-medium wpforms-field-required\" name=\"wpforms[fields][1]\" spellcheck=\"false\" aria-errormessage=\"wpforms-280-field_1-error\" required><\/div><div id=\"wpforms-280-field_3-container\" class=\"wpforms-field wpforms-field-select wpforms-field-select-style-classic\" data-field-id=\"3\"><label class=\"wpforms-field-label\" for=\"wpforms-280-field_3\">\u00bfDe qu\u00e9 servicio te gustar\u00eda saber m\u00e1s? <span class=\"wpforms-required-label\" aria-hidden=\"true\">*<\/span><\/label><select id=\"wpforms-280-field_3\" class=\"wpforms-field-medium wpforms-field-required\" name=\"wpforms[fields][3]\" required=\"required\"><option value=\"Clases de Computaci\u00f3n\"  class=\"choice-1 depth-1\"  >Clases de Computaci\u00f3n<\/option><option value=\"Artes Pl\u00e1sticas\"  class=\"choice-5 depth-1\"  >Artes Pl\u00e1sticas<\/option><option value=\"Oralizaci\u00f3n\"  class=\"choice-2 depth-1\"  >Oralizaci\u00f3n<\/option><option value=\"Problemas de Lenguaje\"  class=\"choice-3 depth-1\"  >Problemas de Lenguaje<\/option><option value=\"Problemas de Aprendizaje\"  class=\"choice-4 depth-1\"  >Problemas de Aprendizaje<\/option><\/select><\/div><div id=\"wpforms-280-field_2-container\" class=\"wpforms-field wpforms-field-textarea\" data-field-id=\"2\"><label class=\"wpforms-field-label\" for=\"wpforms-280-field_2\">Expl\u00edcanos a m\u00e1s detalle como podemos ayudarte <span class=\"wpforms-required-label\" aria-hidden=\"true\">*<\/span><\/label><textarea id=\"wpforms-280-field_2\" class=\"wpforms-field-medium wpforms-field-required\" name=\"wpforms[fields][2]\" aria-errormessage=\"wpforms-280-field_2-error\" required><\/textarea><\/div><\/div><!-- .wpforms-field-container --><div class=\"wpforms-submit-container\" ><input type=\"hidden\" name=\"wpforms[id]\" value=\"280\"><input type=\"hidden\" name=\"page_title\" value=\"\"><input type=\"hidden\" name=\"page_url\" value=\"https:\/\/atahla.org\/index.php\/wp-json\/wp\/v2\/pages\/328\"><input type=\"hidden\" name=\"url_referer\" value=\"\"><button type=\"submit\" name=\"wpforms[submit]\" id=\"wpforms-submit-280\" class=\"wpforms-submit\" data-alt-text=\"Enviando...\" data-submit-text=\"Enviar\" aria-live=\"assertive\" value=\"wpforms-submit\">Enviar<\/button><img loading=\"lazy\" decoding=\"async\" src=\"https:\/\/atahla.org\/wp-content\/plugins\/wpforms-lite\/assets\/images\/submit-spin.svg\" class=\"wpforms-submit-spinner\" style=\"display: none;\" width=\"26\" height=\"26\" alt=\"Cargando\"><\/div><\/form><\/div>  <!-- .wpforms-container --><\/div>\n","protected":false},"excerpt":{"rendered":"<p>Nuestra Misi\u00f3n En Atahla, nuestra misi\u00f3n es empoderar a los ni\u00f1os sordos para que superen sus dificultades de aprendizaje y [&hellip;]<\/p>\n","protected":false},"author":1,"featured_media":0,"parent":44,"menu_order":0,"comment_status":"closed","ping_status":"closed","template":"","meta":{"give_campaign_id":0,"_monsterinsights_skip_tracking":false,"_monsterinsights_sitenote_active":false,"_monsterinsights_sitenote_note":"","_monsterinsights_sitenote_category":0,"site-sidebar-layout":"default","site-content-layout":"","ast-site-content-layout":"default","site-content-style":"default","site-sidebar-style":"default","ast-global-header-display":"","ast-banner-title-visibility":"","ast-main-header-display":"","ast-hfb-above-header-display":"","ast-hfb-below-header-display":"","ast-hfb-mobile-header-display":"","site-post-title":"","ast-breadcrumbs-content":"","ast-featured-img":"","footer-sml-layout":"","ast-disable-related-posts":"","theme-transparent-header-meta":"","adv-header-id-meta":"","stick-header-meta":"","header-above-stick-meta":"","header-main-stick-meta":"","header-below-stick-meta":"","astra-migrate-meta-layouts":"default","ast-page-background-enabled":"default","ast-page-background-meta":{"desktop":{"background-color":"var(--ast-global-color-4)","background-image":"","background-repeat":"repeat","background-position":"center center","background-size":"auto","background-attachment":"scroll","background-type":"","background-media":"","overlay-type":"","overlay-color":"","overlay-opacity":"","overlay-gradient":""},"tablet":{"background-color":"","background-image":"","background-repeat":"repeat","background-position":"center center","background-size":"auto","background-attachment":"scroll","background-type":"","background-media":"","overlay-type":"","overlay-color":"","overlay-opacity":"","overlay-gradient":""},"mobile":{"background-color":"","background-image":"","background-repeat":"repeat","background-position":"center center","background-size":"auto","background-attachment":"scroll","background-type":"","background-media":"","overlay-type":"","overlay-color":"","overlay-opacity":"","overlay-gradient":""}},"ast-content-background-meta":{"desktop":{"background-color":"var(--ast-global-color-5)","background-image":"","background-repeat":"repeat","background-position":"center center","background-size":"auto","background-attachment":"scroll","background-type":"","background-media":"","overlay-type":"","overlay-color":"","overlay-opacity":"","overlay-gradient":""},"tablet":{"background-color":"var(--ast-global-color-5)","background-image":"","background-repeat":"repeat","background-position":"center center","background-size":"auto","background-attachment":"scroll","background-type":"","background-media":"","overlay-type":"","overlay-color":"","overlay-opacity":"","overlay-gradient":""},"mobile":{"background-color":"var(--ast-global-color-5)","background-image":"","background-repeat":"repeat","background-position":"center center","background-size":"auto","background-attachment":"scroll","background-type":"","background-media":"","overlay-type":"","overlay-color":"","overlay-opacity":"","overlay-gradient":""}},"_joinchat":[],"footnotes":""},"class_list":["post-328","page","type-page","status-publish","hentry"],"aioseo_notices":[],"campaignId":"","_links":{"self":[{"href":"https:\/\/atahla.org\/index.php\/wp-json\/wp\/v2\/pages\/328"}],"collection":[{"href":"https:\/\/atahla.org\/index.php\/wp-json\/wp\/v2\/pages"}],"about":[{"href":"https:\/\/atahla.org\/index.php\/wp-json\/wp\/v2\/types\/page"}],"author":[{"embeddable":true,"href":"https:\/\/atahla.org\/index.php\/wp-json\/wp\/v2\/users\/1"}],"replies":[{"embeddable":true,"href":"https:\/\/atahla.org\/index.php\/wp-json\/wp\/v2\/comments?post=328"}],"version-history":[{"count":2,"href":"https:\/\/atahla.org\/index.php\/wp-json\/wp\/v2\/pages\/328\/revisions"}],"predecessor-version":[{"id":408,"href":"https:\/\/atahla.org\/index.php\/wp-json\/wp\/v2\/pages\/328\/revisions\/408"}],"up":[{"embeddable":true,"href":"https:\/\/atahla.org\/index.php\/wp-json\/wp\/v2\/pages\/44"}],"wp:attachment":[{"href":"https:\/\/atahla.org\/index.php\/wp-json\/wp\/v2\/media?parent=328"}],"curies":[{"name":"wp","href":"https:\/\/api.w.org\/{rel}","templated":true}]}}