{"id":308,"date":"2024-06-25T01:22:40","date_gmt":"2024-06-25T01:22:40","guid":{"rendered":"https:\/\/atahla.org\/?page_id=308"},"modified":"2024-08-21T05:22:20","modified_gmt":"2024-08-21T05:22:20","slug":"oralizacion","status":"publish","type":"page","link":"https:\/\/atahla.org\/index.php\/servicios\/oralizacion\/","title":{"rendered":"Oralizaci\u00f3n"},"content":{"rendered":"\n<div class=\"wp-block-cover alignfull has-parallax\" style=\"min-height:553px;aspect-ratio:unset;\"><span aria-hidden=\"true\" class=\"wp-block-cover__background has-background-dim-40 has-background-dim\" style=\"background-color:#000000\"><\/span><div class=\"wp-block-cover__image-background wp-image-311 has-parallax\" style=\"background-position:50% 50%;background-image:url(https:\/\/atahla.org\/wp-content\/uploads\/2024\/06\/Oralizacion-1.png)\"><\/div><div class=\"wp-block-cover__inner-container is-layout-flow wp-block-cover-is-layout-flow\">\n<h2 class=\"wp-block-heading alignwide has-white-color has-text-color\" style=\"font-size:37px;line-height:1.2\"><em>Integraci\u00f3n Plena a la Sociedad<\/em><\/h2>\n\n\n\n<div class=\"wp-block-columns alignwide is-layout-flex wp-container-core-columns-is-layout-1 wp-block-columns-is-layout-flex\">\n<div class=\"wp-block-column is-layout-flow wp-block-column-is-layout-flow\" style=\"flex-basis:60%\">\n<p class=\"has-medium-font-size\">En Atahla, creemos firmemente que cada ni\u00f1o merece la oportunidad de desarrollarse plenamente y participar activamente en la sociedad. Nuestro programa de oralizaci\u00f3n est\u00e1 dise\u00f1ado para dotar a los ni\u00f1os sordos de las habilidades necesarias para integrarse con \u00e9xito en su entorno social y educativo.<\/p>\n\n\n\n<div class=\"wp-block-buttons is-layout-flex wp-block-buttons-is-layout-flex\">\n<div class=\"wp-block-button is-style-outline is-style-outline--548fc69f637d8b75f64da8ef5db15244\"><a class=\"wp-block-button__link has-text-color has-background wp-element-button\" style=\"color:#ffffff;background-color:#000000\">Cont\u00e1ctanos<\/a><\/div>\n<\/div>\n<\/div>\n\n\n\n<div class=\"wp-block-column is-layout-flow wp-block-column-is-layout-flow\"><\/div>\n<\/div>\n<\/div><\/div>\n\n\n\n<div class=\"wp-block-group alignfull is-layout-constrained wp-container-core-group-is-layout-2 wp-block-group-is-layout-constrained\" style=\"padding-top:6vw;padding-right:6vw;padding-bottom:6vw;padding-left:6vw\">\n<p class=\"has-text-color\" style=\"color:#000000;font-size:30px;font-style:normal;font-weight:700;letter-spacing:0px;line-height:0.9;text-decoration:none;text-transform:none\">\u00bfC\u00f3mo lo Hacemos?<\/p>\n\n\n\n<div class=\"wp-block-group alignwide is-vertical is-nowrap is-layout-flex wp-container-core-group-is-layout-1 wp-block-group-is-layout-flex\" style=\"padding-top:0;padding-right:0;padding-bottom:0;padding-left:0\">\n<div class=\"wp-block-columns alignwide is-layout-flex wp-container-core-columns-is-layout-2 wp-block-columns-is-layout-flex\">\n<div class=\"wp-block-column is-layout-flow wp-block-column-is-layout-flow\" style=\"flex-basis:33.38%\">\n<p class=\"has-text-align-left has-medium-font-size\"><strong>Evaluaci\u00f3n Inicial<\/strong>: Realizamos una evaluaci\u00f3n exhaustiva de cada ni\u00f1o para entender sus necesidades espec\u00edficas y dise\u00f1ar un plan de intervenci\u00f3n personalizado.<\/p>\n\n\n\n<ol class=\"wp-block-list\">\n<li><\/li>\n<\/ol>\n\n\n\n<figure class=\"wp-block-gallery has-nested-images columns-default is-cropped wp-block-gallery-1 is-layout-flex wp-block-gallery-is-layout-flex\">\n<figure class=\"wp-block-image size-large\"><img loading=\"lazy\" decoding=\"async\" width=\"1000\" height=\"645\" src=\"https:\/\/atahla.org\/wp-content\/uploads\/2024\/06\/Oralizacion-2-2.jpg\" alt=\"\" class=\"wp-image-316\"\/><\/figure>\n<\/figure>\n\n\n\n<p class=\"has-medium-font-size\"><strong>Integraci\u00f3n Social y Educativa<\/strong>: Facilitamos la integraci\u00f3n de los ni\u00f1os en entornos educativos regulares, asegurando que reciban el apoyo necesario para prosperar acad\u00e9micamente y socialmente.<\/p>\n<\/div>\n\n\n\n<div class=\"wp-block-column is-layout-flow wp-block-column-is-layout-flow\" style=\"flex-basis:33%\">\n<figure class=\"wp-block-image aligncenter size-full is-resized\"><img loading=\"lazy\" decoding=\"async\" width=\"5502\" height=\"3938\" src=\"https:\/\/atahla.org\/wp-content\/uploads\/2024\/06\/Oralizacion-4.jpg\" alt=\"\" class=\"wp-image-315\" style=\"width:394px;height:auto\"\/><\/figure>\n\n\n\n<p style=\"font-size:15px\"><strong>Terapia Auditiva-Verbal<\/strong>: Utilizamos m\u00e9todos probados de terapia auditiva-verbal que promueven el desarrollo del habla y el lenguaje a trav\u00e9s del uso de aud\u00edfonos o implantes cocleares.<\/p>\n\n\n\n<figure class=\"wp-block-gallery has-nested-images columns-default is-cropped wp-block-gallery-2 is-layout-flex wp-block-gallery-is-layout-flex\">\n<figure class=\"wp-block-image size-large\"><img loading=\"lazy\" decoding=\"async\" width=\"3929\" height=\"2619\" src=\"https:\/\/atahla.org\/wp-content\/uploads\/2024\/06\/Oralizacion-5.jpg\" alt=\"\" class=\"wp-image-317\"\/><\/figure>\n<\/figure>\n\n\n\n<p style=\"font-size:15px\"><strong>Educaci\u00f3n y Apoyo Familiar<\/strong>: Trabajamos estrechamente con las familias, brind\u00e1ndoles el conocimiento y las herramientas necesarias para apoyar el desarrollo comunicativo de sus hijos en el hogar.<\/p>\n<\/div>\n\n\n\n<div class=\"wp-block-column is-layout-flow wp-block-column-is-layout-flow\" style=\"flex-basis:33.62%\">\n<p class=\"has-medium-font-size\"><strong>Historias de \u00c9xito<\/strong><\/p>\n\n\n\n<p>Nuestra mayor satisfacci\u00f3n proviene de los \u00e9xitos de nuestros estudiantes. Tenemos ni\u00f1os que no solo habla con fluidez, sino que tambi\u00e9n se destaca en su clases regulares, participando activamente en todas las actividades escolares.<\/p>\n\n\n\n<figure class=\"wp-block-gallery has-nested-images columns-default is-cropped wp-block-gallery-3 is-layout-flex wp-block-gallery-is-layout-flex\">\n<figure class=\"wp-block-image size-large has-custom-border is-style-rounded\"><img loading=\"lazy\" decoding=\"async\" width=\"3390\" height=\"5084\" src=\"https:\/\/atahla.org\/wp-content\/uploads\/2024\/06\/Oralizacion-3.jpg\" alt=\"\" class=\"wp-image-313\" style=\"border-style:none;border-width:0px;border-radius:0px\"\/><\/figure>\n<\/figure>\n<\/div>\n<\/div>\n\n\n\n<div class=\"wp-block-columns alignwide is-layout-flex wp-container-core-columns-is-layout-3 wp-block-columns-is-layout-flex\">\n<div class=\"wp-block-column is-layout-flow wp-block-column-is-layout-flow\" style=\"flex-basis:69%\">\n<figure class=\"wp-block-image size-full\"><img loading=\"lazy\" decoding=\"async\" width=\"4200\" height=\"2800\" src=\"https:\/\/atahla.org\/wp-content\/uploads\/2024\/06\/Oralizacion-6.jpg\" alt=\"\" class=\"wp-image-318\"\/><\/figure>\n<\/div>\n\n\n\n<div class=\"wp-block-column is-vertically-aligned-center is-layout-flow wp-block-column-is-layout-flow\" style=\"flex-basis:33%\">\n<p style=\"font-size:30px\"><strong>\u00bfPor Qu\u00e9 Invertir en Atahla?<\/strong><\/p>\n\n\n\n<ul class=\"wp-block-list\">\n<li style=\"font-size:18px\">Su donaci\u00f3n ayuda a transformar vidas, permitiendo a los ni\u00f1os sordos alcanzar su m\u00e1ximo potencial y participar plenamente en la sociedad.<\/li>\n\n\n\n<li style=\"font-size:18px\">Utilizamos las t\u00e9cnicas m\u00e1s avanzadas y efectivas en el campo de la oralizaci\u00f3n, garantizando resultados positivos y duraderos.<\/li>\n\n\n\n<li style=\"font-size:18px\">Nos comprometemos a utilizar los fondos de manera eficiente y transparente, asegurando que cada donaci\u00f3n genere el mayor impacto posible.<\/li>\n<\/ul>\n<\/div>\n<\/div>\n<\/div>\n\n\n\n<div class=\"wp-block-buttons is-content-justification-center is-layout-flex wp-container-core-buttons-is-layout-2 wp-block-buttons-is-layout-flex\">\n<div class=\"wp-block-button is-style-outline is-style-outline--ba7a9a945aa9fb3a856df18423ea74d6\"><a class=\"wp-block-button__link has-text-color has-background wp-element-button\" href=\"https:\/\/atahla.org\/index.php\/escritorio-del-donante\/\" style=\"color:#ffffff;background-color:#000000\">Dona Aqu\u00ed<\/a><\/div>\n<\/div>\n\n\n\n<div style=\"height:12px\" aria-hidden=\"true\" class=\"wp-block-spacer\"><\/div>\n\n\n\n<h2 class=\"wp-block-heading\">\u00danase a Nosotros<\/h2>\n\n\n\n<p class=\"has-black-color has-text-color has-link-color wp-elements-3a10cc9cd498b3a56b1f67ed69259b7a\">Tu apoyo es crucial para continuar nuestro trabajo. Cada donaci\u00f3n, grande o peque\u00f1a, nos acerca m\u00e1s a un mundo donde ning\u00fan ni\u00f1o sordo quede atr\u00e1s. Invierta en Atahla y ayude a construir un futuro lleno de oportunidades para todos nuestros ni\u00f1os<\/p>\n\n\n\n<div style=\"height:23px\" aria-hidden=\"true\" class=\"wp-block-spacer\"><\/div>\n\n\n<div class=\"wpforms-container wpforms-container-full wpforms-block wpforms-block-dd12a3bf-3ae8-4821-9c43-f700545c0721 wpforms-render-modern\" id=\"wpforms-280\"><form id=\"wpforms-form-280\" class=\"wpforms-validate wpforms-form wpforms-ajax-form\" data-formid=\"280\" method=\"post\" enctype=\"multipart\/form-data\" action=\"\/index.php\/wp-json\/wp\/v2\/pages\/308\" data-token=\"c0a83aa980dab69d31b3a78f9f73eccb\" data-token-time=\"1777690850\"><div class=\"wpforms-head-container\"><div class=\"wpforms-title\">Platica con Nosotros<\/div><\/div><noscript class=\"wpforms-error-noscript\">Por favor, activa JavaScript en tu navegador para completar este formulario.<\/noscript><div id=\"wpforms-error-noscript\" style=\"display: none;\">Por favor, activa JavaScript en tu navegador para completar este formulario.<\/div><div class=\"wpforms-field-container\"><div id=\"wpforms-280-field_0-container\" class=\"wpforms-field wpforms-field-name\" data-field-id=\"0\"><fieldset><legend class=\"wpforms-field-label\">Name <span class=\"wpforms-required-label\" aria-hidden=\"true\">*<\/span><\/legend><div class=\"wpforms-field-row wpforms-field-medium\"><div class=\"wpforms-field-row-block wpforms-first wpforms-one-half\"><input type=\"text\" id=\"wpforms-280-field_0\" class=\"wpforms-field-name-first wpforms-field-required\" name=\"wpforms[fields][0][first]\" placeholder=\" \" aria-errormessage=\"wpforms-280-field_0-error\" required><label for=\"wpforms-280-field_0\" class=\"wpforms-field-sublabel after\">Nombre<\/label><\/div><div class=\"wpforms-field-row-block wpforms-one-half\"><input type=\"text\" id=\"wpforms-280-field_0-last\" class=\"wpforms-field-name-last wpforms-field-required\" name=\"wpforms[fields][0][last]\" aria-errormessage=\"wpforms-280-field_0-last-error\" required><label for=\"wpforms-280-field_0-last\" class=\"wpforms-field-sublabel after\">Apellidos<\/label><\/div><\/div><\/fieldset><\/div><div id=\"wpforms-280-field_1-container\" class=\"wpforms-field wpforms-field-email\" data-field-id=\"1\"><label class=\"wpforms-field-label\" for=\"wpforms-280-field_1\">Email <span class=\"wpforms-required-label\" aria-hidden=\"true\">*<\/span><\/label><input type=\"email\" id=\"wpforms-280-field_1\" class=\"wpforms-field-medium wpforms-field-required\" name=\"wpforms[fields][1]\" spellcheck=\"false\" aria-errormessage=\"wpforms-280-field_1-error\" required><\/div><div id=\"wpforms-280-field_3-container\" class=\"wpforms-field wpforms-field-select wpforms-field-select-style-classic\" data-field-id=\"3\"><label class=\"wpforms-field-label\" for=\"wpforms-280-field_3\">\u00bfDe qu\u00e9 servicio te gustar\u00eda saber m\u00e1s? <span class=\"wpforms-required-label\" aria-hidden=\"true\">*<\/span><\/label><select id=\"wpforms-280-field_3\" class=\"wpforms-field-medium wpforms-field-required\" name=\"wpforms[fields][3]\" required=\"required\"><option value=\"Clases de Computaci\u00f3n\"  class=\"choice-1 depth-1\"  >Clases de Computaci\u00f3n<\/option><option value=\"Artes Pl\u00e1sticas\"  class=\"choice-5 depth-1\"  >Artes Pl\u00e1sticas<\/option><option value=\"Oralizaci\u00f3n\"  class=\"choice-2 depth-1\"  >Oralizaci\u00f3n<\/option><option value=\"Problemas de Lenguaje\"  class=\"choice-3 depth-1\"  >Problemas de Lenguaje<\/option><option value=\"Problemas de Aprendizaje\"  class=\"choice-4 depth-1\"  >Problemas de Aprendizaje<\/option><\/select><\/div><div id=\"wpforms-280-field_2-container\" class=\"wpforms-field wpforms-field-textarea\" data-field-id=\"2\"><label class=\"wpforms-field-label\" for=\"wpforms-280-field_2\">Expl\u00edcanos a m\u00e1s detalle como podemos ayudarte <span class=\"wpforms-required-label\" aria-hidden=\"true\">*<\/span><\/label><textarea id=\"wpforms-280-field_2\" class=\"wpforms-field-medium wpforms-field-required\" name=\"wpforms[fields][2]\" aria-errormessage=\"wpforms-280-field_2-error\" required><\/textarea><\/div><\/div><!-- .wpforms-field-container --><div class=\"wpforms-submit-container\" ><input type=\"hidden\" name=\"wpforms[id]\" value=\"280\"><input type=\"hidden\" name=\"page_title\" value=\"\"><input type=\"hidden\" name=\"page_url\" value=\"https:\/\/atahla.org\/index.php\/wp-json\/wp\/v2\/pages\/308\"><input type=\"hidden\" name=\"url_referer\" value=\"\"><button type=\"submit\" name=\"wpforms[submit]\" id=\"wpforms-submit-280\" class=\"wpforms-submit\" data-alt-text=\"Enviando...\" data-submit-text=\"Enviar\" aria-live=\"assertive\" value=\"wpforms-submit\">Enviar<\/button><img loading=\"lazy\" decoding=\"async\" src=\"https:\/\/atahla.org\/wp-content\/plugins\/wpforms-lite\/assets\/images\/submit-spin.svg\" class=\"wpforms-submit-spinner\" style=\"display: none;\" width=\"26\" height=\"26\" alt=\"Cargando\"><\/div><\/form><\/div>  <!-- .wpforms-container --><\/div>\n","protected":false},"excerpt":{"rendered":"<p>\u00bfC\u00f3mo lo Hacemos? Evaluaci\u00f3n Inicial: Realizamos una evaluaci\u00f3n exhaustiva de cada ni\u00f1o para entender sus necesidades espec\u00edficas y dise\u00f1ar un [&hellip;]<\/p>\n","protected":false},"author":1,"featured_media":0,"parent":44,"menu_order":0,"comment_status":"closed","ping_status":"closed","template":"","meta":{"give_campaign_id":0,"_monsterinsights_skip_tracking":false,"_monsterinsights_sitenote_active":false,"_monsterinsights_sitenote_note":"","_monsterinsights_sitenote_category":0,"site-sidebar-layout":"default","site-content-layout":"","ast-site-content-layout":"default","site-content-style":"default","site-sidebar-style":"default","ast-global-header-display":"","ast-banner-title-visibility":"","ast-main-header-display":"","ast-hfb-above-header-display":"","ast-hfb-below-header-display":"","ast-hfb-mobile-header-display":"","site-post-title":"","ast-breadcrumbs-content":"","ast-featured-img":"","footer-sml-layout":"","ast-disable-related-posts":"","theme-transparent-header-meta":"","adv-header-id-meta":"","stick-header-meta":"","header-above-stick-meta":"","header-main-stick-meta":"","header-below-stick-meta":"","astra-migrate-meta-layouts":"default","ast-page-background-enabled":"default","ast-page-background-meta":{"desktop":{"background-color":"var(--ast-global-color-4)","background-image":"","background-repeat":"repeat","background-position":"center center","background-size":"auto","background-attachment":"scroll","background-type":"","background-media":"","overlay-type":"","overlay-color":"","overlay-opacity":"","overlay-gradient":""},"tablet":{"background-color":"","background-image":"","background-repeat":"repeat","background-position":"center center","background-size":"auto","background-attachment":"scroll","background-type":"","background-media":"","overlay-type":"","overlay-color":"","overlay-opacity":"","overlay-gradient":""},"mobile":{"background-color":"","background-image":"","background-repeat":"repeat","background-position":"center center","background-size":"auto","background-attachment":"scroll","background-type":"","background-media":"","overlay-type":"","overlay-color":"","overlay-opacity":"","overlay-gradient":""}},"ast-content-background-meta":{"desktop":{"background-color":"var(--ast-global-color-5)","background-image":"","background-repeat":"repeat","background-position":"center center","background-size":"auto","background-attachment":"scroll","background-type":"","background-media":"","overlay-type":"","overlay-color":"","overlay-opacity":"","overlay-gradient":""},"tablet":{"background-color":"var(--ast-global-color-5)","background-image":"","background-repeat":"repeat","background-position":"center center","background-size":"auto","background-attachment":"scroll","background-type":"","background-media":"","overlay-type":"","overlay-color":"","overlay-opacity":"","overlay-gradient":""},"mobile":{"background-color":"var(--ast-global-color-5)","background-image":"","background-repeat":"repeat","background-position":"center center","background-size":"auto","background-attachment":"scroll","background-type":"","background-media":"","overlay-type":"","overlay-color":"","overlay-opacity":"","overlay-gradient":""}},"_joinchat":[],"footnotes":""},"class_list":["post-308","page","type-page","status-publish","hentry"],"aioseo_notices":[],"campaignId":"","_links":{"self":[{"href":"https:\/\/atahla.org\/index.php\/wp-json\/wp\/v2\/pages\/308"}],"collection":[{"href":"https:\/\/atahla.org\/index.php\/wp-json\/wp\/v2\/pages"}],"about":[{"href":"https:\/\/atahla.org\/index.php\/wp-json\/wp\/v2\/types\/page"}],"author":[{"embeddable":true,"href":"https:\/\/atahla.org\/index.php\/wp-json\/wp\/v2\/users\/1"}],"replies":[{"embeddable":true,"href":"https:\/\/atahla.org\/index.php\/wp-json\/wp\/v2\/comments?post=308"}],"version-history":[{"count":5,"href":"https:\/\/atahla.org\/index.php\/wp-json\/wp\/v2\/pages\/308\/revisions"}],"predecessor-version":[{"id":407,"href":"https:\/\/atahla.org\/index.php\/wp-json\/wp\/v2\/pages\/308\/revisions\/407"}],"up":[{"embeddable":true,"href":"https:\/\/atahla.org\/index.php\/wp-json\/wp\/v2\/pages\/44"}],"wp:attachment":[{"href":"https:\/\/atahla.org\/index.php\/wp-json\/wp\/v2\/media?parent=308"}],"curies":[{"name":"wp","href":"https:\/\/api.w.org\/{rel}","templated":true}]}}